{"id":924,"date":"2020-12-15T12:29:21","date_gmt":"2020-12-15T11:29:21","guid":{"rendered":"http:\/\/mdlucbx.cluster030.hosting.ovh.net\/?page_id=924"},"modified":"2026-03-10T15:58:30","modified_gmt":"2026-03-10T14:58:30","slug":"contact","status":"publish","type":"page","link":"https:\/\/www.le-montagnard.com\/en\/contact\/","title":{"rendered":"Contact"},"content":{"rendered":"\t\t<div data-elementor-type=\"wp-page\" data-elementor-id=\"924\" class=\"elementor elementor-924\" data-elementor-post-type=\"page\">\n\t\t\t\t<div class=\"elementor-element elementor-element-3ead60b e-con-full e-flex e-con e-parent\" data-id=\"3ead60b\" data-element_type=\"container\" data-e-type=\"container\" data-settings=\"{&quot;jet_parallax_layout_list&quot;:[{&quot;jet_parallax_layout_image&quot;:{&quot;url&quot;:&quot;&quot;,&quot;id&quot;:&quot;&quot;,&quot;size&quot;:&quot;&quot;},&quot;_id&quot;:&quot;624c18a&quot;,&quot;jet_parallax_layout_image_tablet&quot;:{&quot;url&quot;:&quot;&quot;,&quot;id&quot;:&quot;&quot;,&quot;size&quot;:&quot;&quot;},&quot;jet_parallax_layout_image_mobile&quot;:{&quot;url&quot;:&quot;&quot;,&quot;id&quot;:&quot;&quot;,&quot;size&quot;:&quot;&quot;},&quot;jet_parallax_layout_speed&quot;:{&quot;unit&quot;:&quot;%&quot;,&quot;size&quot;:50,&quot;sizes&quot;:[]},&quot;jet_parallax_layout_type&quot;:&quot;scroll&quot;,&quot;jet_parallax_layout_direction&quot;:&quot;1&quot;,&quot;jet_parallax_layout_fx_direction&quot;:null,&quot;jet_parallax_layout_z_index&quot;:&quot;&quot;,&quot;jet_parallax_layout_bg_x&quot;:50,&quot;jet_parallax_layout_bg_x_tablet&quot;:&quot;&quot;,&quot;jet_parallax_layout_bg_x_mobile&quot;:&quot;&quot;,&quot;jet_parallax_layout_bg_y&quot;:50,&quot;jet_parallax_layout_bg_y_tablet&quot;:&quot;&quot;,&quot;jet_parallax_layout_bg_y_mobile&quot;:&quot;&quot;,&quot;jet_parallax_layout_bg_size&quot;:&quot;auto&quot;,&quot;jet_parallax_layout_bg_size_tablet&quot;:&quot;&quot;,&quot;jet_parallax_layout_bg_size_mobile&quot;:&quot;&quot;,&quot;jet_parallax_layout_animation_prop&quot;:&quot;transform&quot;,&quot;jet_parallax_layout_on&quot;:[&quot;desktop&quot;,&quot;tablet&quot;]}],&quot;background_background&quot;:&quot;gradient&quot;}\">\n\t\t<div class=\"elementor-element elementor-element-925227a e-con-full e-flex e-con e-child\" data-id=\"925227a\" data-element_type=\"container\" data-e-type=\"container\" data-settings=\"{&quot;background_background&quot;:&quot;classic&quot;,&quot;jet_parallax_layout_list&quot;:[]}\">\n\t\t<div class=\"elementor-element elementor-element-b3f61fc e-con-full e-flex e-con e-child\" data-id=\"b3f61fc\" data-element_type=\"container\" data-e-type=\"container\" data-settings=\"{&quot;background_background&quot;:&quot;classic&quot;,&quot;jet_parallax_layout_list&quot;:[]}\">\n\t\t\t\t<\/div>\n\t\t\t\t<\/div>\n\t\t<div class=\"elementor-element elementor-element-a6f0d5d e-con-full e-flex e-con e-child\" data-id=\"a6f0d5d\" data-element_type=\"container\" data-e-type=\"container\" data-settings=\"{&quot;background_background&quot;:&quot;classic&quot;,&quot;jet_parallax_layout_list&quot;:[]}\">\n\t\t<div class=\"elementor-element elementor-element-95daad6 e-con-full e-flex e-con e-child\" data-id=\"95daad6\" data-element_type=\"container\" data-e-type=\"container\" data-settings=\"{&quot;jet_parallax_layout_list&quot;:[]}\">\n\t\t\t\t<div class=\"elementor-element elementor-element-08ffd67 elementor-widget elementor-widget-heading\" data-id=\"08ffd67\" data-element_type=\"widget\" data-e-type=\"widget\" data-widget_type=\"heading.default\">\n\t\t\t\t<div class=\"elementor-widget-container\">\n\t\t\t\t\t<h1 class=\"elementor-heading-title elementor-size-default\">Contactez le restaurant Le Montagnard<\/h1>\t\t\t\t<\/div>\n\t\t\t\t<\/div>\n\t\t\t\t<div class=\"elementor-element elementor-element-cd35807 elementor-widget elementor-widget-text-editor\" data-id=\"cd35807\" data-element_type=\"widget\" data-e-type=\"widget\" data-widget_type=\"text-editor.default\">\n\t\t\t\t<div class=\"elementor-widget-container\">\n\t\t\t\t\t\t\t\t\t<p>N&rsquo;h\u00e9sitez pas \u00e0 contacter l&rsquo;\u00e9quipe du Montagnard.<\/p><p>Nous sommes \u00e0 votre disposition pour r\u00e9pondre \u00e0 vos demandes particuli\u00e8res ou demandes de groupes :<br \/>\u2022 <a href=\"#down\">Compl\u00e9tez le formulaire<\/a> ci-dessous<br \/>\u2022 Ou appelez-nous au +33 (0)4 79 01 08 40<\/p><p>Nous serons ouverts \u00e0 partir du 5 d\u00e9cembre 2025 au 19 avril 2026 pour une belle saison hivernale.<\/p><p><strong>Adresse :<\/strong><\/p><p>Restaurant Le Montagnard<br \/>35 rue des Places<br \/>73440 Saint Martin de Belleville<br \/>Tel. +33 (0)4 79 01 08 40<\/p>\t\t\t\t\t\t\t\t<\/div>\n\t\t\t\t<\/div>\n\t\t\t\t<\/div>\n\t\t\t\t<\/div>\n\t\t\t\t<\/div>\n\t\t<div class=\"elementor-element elementor-element-61f586f e-con-full e-flex e-con e-parent\" data-id=\"61f586f\" data-element_type=\"container\" data-e-type=\"container\" id=\"down\" data-settings=\"{&quot;jet_parallax_layout_list&quot;:[{&quot;jet_parallax_layout_image&quot;:{&quot;url&quot;:&quot;&quot;,&quot;id&quot;:&quot;&quot;,&quot;size&quot;:&quot;&quot;},&quot;_id&quot;:&quot;e260572&quot;,&quot;jet_parallax_layout_image_tablet&quot;:{&quot;url&quot;:&quot;&quot;,&quot;id&quot;:&quot;&quot;,&quot;size&quot;:&quot;&quot;},&quot;jet_parallax_layout_image_mobile&quot;:{&quot;url&quot;:&quot;&quot;,&quot;id&quot;:&quot;&quot;,&quot;size&quot;:&quot;&quot;},&quot;jet_parallax_layout_speed&quot;:{&quot;unit&quot;:&quot;%&quot;,&quot;size&quot;:50,&quot;sizes&quot;:[]},&quot;jet_parallax_layout_type&quot;:&quot;scroll&quot;,&quot;jet_parallax_layout_direction&quot;:&quot;1&quot;,&quot;jet_parallax_layout_fx_direction&quot;:null,&quot;jet_parallax_layout_z_index&quot;:&quot;&quot;,&quot;jet_parallax_layout_bg_x&quot;:50,&quot;jet_parallax_layout_bg_x_tablet&quot;:&quot;&quot;,&quot;jet_parallax_layout_bg_x_mobile&quot;:&quot;&quot;,&quot;jet_parallax_layout_bg_y&quot;:50,&quot;jet_parallax_layout_bg_y_tablet&quot;:&quot;&quot;,&quot;jet_parallax_layout_bg_y_mobile&quot;:&quot;&quot;,&quot;jet_parallax_layout_bg_size&quot;:&quot;auto&quot;,&quot;jet_parallax_layout_bg_size_tablet&quot;:&quot;&quot;,&quot;jet_parallax_layout_bg_size_mobile&quot;:&quot;&quot;,&quot;jet_parallax_layout_animation_prop&quot;:&quot;transform&quot;,&quot;jet_parallax_layout_on&quot;:[&quot;desktop&quot;,&quot;tablet&quot;]}],&quot;background_background&quot;:&quot;gradient&quot;}\">\n\t\t\t\t<div class=\"elementor-element elementor-element-88c1058 elementor-widget elementor-widget-heading\" data-id=\"88c1058\" data-element_type=\"widget\" data-e-type=\"widget\" data-widget_type=\"heading.default\">\n\t\t\t\t<div class=\"elementor-widget-container\">\n\t\t\t\t\t<h2 class=\"elementor-heading-title elementor-size-default\">Remplissez le formulaire &amp; nous vous r\u00e9pondrons rapidement<\/h2>\t\t\t\t<\/div>\n\t\t\t\t<\/div>\n\t\t\t\t<div class=\"elementor-element elementor-element-bbec56b elementor-widget elementor-widget-image\" data-id=\"bbec56b\" data-element_type=\"widget\" data-e-type=\"widget\" data-widget_type=\"image.default\">\n\t\t\t\t<div class=\"elementor-widget-container\">\n\t\t\t\t\t\t\t\t\t\t\t\t\t\t\t<img decoding=\"async\" width=\"118\" height=\"18\" src=\"https:\/\/www.le-montagnard.com\/wp-content\/uploads\/2020\/11\/Fichier-1.svg\" class=\"attachment-large size-large wp-image-367\" alt=\"\" \/>\t\t\t\t\t\t\t\t\t\t\t\t\t\t\t<\/div>\n\t\t\t\t<\/div>\n\t\t\t\t<div class=\"elementor-element elementor-element-63d8644 elementor-button-align-stretch elementor-widget elementor-widget-form\" data-id=\"63d8644\" data-element_type=\"widget\" data-e-type=\"widget\" data-settings=\"{&quot;step_next_label&quot;:&quot;Suivant&quot;,&quot;step_previous_label&quot;:&quot;Pr\\u00e9c\\u00e9dent&quot;,&quot;step_type&quot;:&quot;number_text&quot;,&quot;step_icon_shape&quot;:&quot;circle&quot;}\" data-widget_type=\"form.default\">\n\t\t\t\t<div class=\"elementor-widget-container\">\n\t\t\t\t\t\t\t<form class=\"elementor-form\" method=\"post\" name=\"Nouveau formulaire le montagnard\" aria-label=\"Nouveau formulaire le montagnard\">\n\t\t\t<input type=\"hidden\" name=\"post_id\" value=\"924\"\/>\n\t\t\t<input type=\"hidden\" name=\"form_id\" value=\"63d8644\"\/>\n\t\t\t<input type=\"hidden\" name=\"referer_title\" value=\"Le Montagnard\" \/>\n\n\t\t\t\n\t\t\t<div class=\"elementor-form-fields-wrapper elementor-labels-\">\n\t\t\t\t\t\t\t\t<div class=\"elementor-field-type-text elementor-field-group elementor-column elementor-field-group-nom elementor-col-100\">\n\t\t\t\t\t\t\t\t\t\t\t\t<label for=\"form-field-nom\" class=\"elementor-field-label elementor-screen-only\">\n\t\t\t\t\t\t\t\tNom\t\t\t\t\t\t\t<\/label>\n\t\t\t\t\t\t\t\t\t\t\t\t\t\t<input size=\"1\" type=\"text\" name=\"form_fields[nom]\" id=\"form-field-nom\" class=\"elementor-field elementor-size-sm  elementor-field-textual\" placeholder=\"Votre nom\">\n\t\t\t\t\t\t\t\t\t\t\t<\/div>\n\t\t\t\t\t\t\t\t<div class=\"elementor-field-type-text elementor-field-group elementor-column elementor-field-group-prenom elementor-col-100 elementor-field-required\">\n\t\t\t\t\t\t\t\t\t\t\t\t<label for=\"form-field-prenom\" class=\"elementor-field-label elementor-screen-only\">\n\t\t\t\t\t\t\t\tPr\u00e9nom\t\t\t\t\t\t\t<\/label>\n\t\t\t\t\t\t\t\t\t\t\t\t\t\t<input size=\"1\" type=\"text\" name=\"form_fields[prenom]\" id=\"form-field-prenom\" class=\"elementor-field elementor-size-sm  elementor-field-textual\" placeholder=\"Votre pr\u00e9nom\" required=\"required\">\n\t\t\t\t\t\t\t\t\t\t\t<\/div>\n\t\t\t\t\t\t\t\t<div class=\"elementor-field-type-tel elementor-field-group elementor-column elementor-field-group-tel elementor-col-100 elementor-field-required\">\n\t\t\t\t\t\t\t\t\t\t\t\t<label for=\"form-field-tel\" class=\"elementor-field-label elementor-screen-only\">\n\t\t\t\t\t\t\t\tT\u00e9l\t\t\t\t\t\t\t<\/label>\n\t\t\t\t\t\t\t\t<input size=\"1\" type=\"tel\" name=\"form_fields[tel]\" id=\"form-field-tel\" class=\"elementor-field elementor-size-sm  elementor-field-textual\" placeholder=\"Votre num\u00e9ro de t\u00e9l\u00e9phone\" required=\"required\" pattern=\"[0-9()#&amp;+*-=.]+\" title=\"Only numbers and phone characters (#, -, *, etc) are accepted.\">\n\n\t\t\t\t\t\t<\/div>\n\t\t\t\t\t\t\t\t<div class=\"elementor-field-type-email elementor-field-group elementor-column elementor-field-group-email elementor-col-100 elementor-field-required\">\n\t\t\t\t\t\t\t\t\t\t\t\t<label for=\"form-field-email\" class=\"elementor-field-label elementor-screen-only\">\n\t\t\t\t\t\t\t\tE-mail\t\t\t\t\t\t\t<\/label>\n\t\t\t\t\t\t\t\t\t\t\t\t\t\t<input size=\"1\" type=\"email\" name=\"form_fields[email]\" id=\"form-field-email\" class=\"elementor-field elementor-size-sm  elementor-field-textual\" placeholder=\"Votre adresse e-mail\" required=\"required\">\n\t\t\t\t\t\t\t\t\t\t\t<\/div>\n\t\t\t\t\t\t\t\t<div class=\"elementor-field-type-textarea elementor-field-group elementor-column elementor-field-group-message elementor-col-100\">\n\t\t\t\t\t\t\t\t\t\t\t\t<label for=\"form-field-message\" class=\"elementor-field-label elementor-screen-only\">\n\t\t\t\t\t\t\t\tMessage\t\t\t\t\t\t\t<\/label>\n\t\t\t\t\t\t<textarea class=\"elementor-field-textual elementor-field  elementor-size-sm\" name=\"form_fields[message]\" id=\"form-field-message\" rows=\"4\" placeholder=\"Votre message\"><\/textarea>\t\t\t\t<\/div>\n\t\t\t\t\t\t\t\t<div class=\"elementor-field-type-checkbox elementor-field-group elementor-column elementor-field-group-Inscription elementor-col-100\">\n\t\t\t\t\t<div class=\"elementor-field-subgroup  \"><span class=\"elementor-field-option\"><input type=\"checkbox\" value=\"J\u2019accepte de recevoir des informations de la part de Le Montagnard (actualit\u00e9s, \u00e9v\u00e8nements\u2026)\" id=\"form-field-Inscription-0\" name=\"form_fields[Inscription]\"> <label for=\"form-field-Inscription-0\">J\u2019accepte de recevoir des informations de la part de Le Montagnard (actualit\u00e9s, \u00e9v\u00e8nements\u2026)<\/label><\/span><\/div>\t\t\t\t<\/div>\n\t\t\t\t\t\t\t\t<div class=\"elementor-field-group elementor-column elementor-field-type-submit elementor-col-100 e-form__buttons\">\n\t\t\t\t\t<button class=\"elementor-button elementor-size-md\" type=\"submit\">\n\t\t\t\t\t\t<span class=\"elementor-button-content-wrapper\">\n\t\t\t\t\t\t\t\t\t\t\t\t\t\t\t\t\t\t\t\t\t\t<span class=\"elementor-button-text\">Envoyer<\/span>\n\t\t\t\t\t\t\t\t\t\t\t\t\t<\/span>\n\t\t\t\t\t<\/button>\n\t\t\t\t<\/div>\n\t\t\t<\/div>\n\t\t<\/form>\n\t\t\t\t\t\t<\/div>\n\t\t\t\t<\/div>\n\t\t\t\t<div class=\"elementor-element elementor-element-008a6b3 elementor-widget elementor-widget-text-editor\" data-id=\"008a6b3\" data-element_type=\"widget\" data-e-type=\"widget\" data-widget_type=\"text-editor.default\">\n\t\t\t\t<div class=\"elementor-widget-container\">\n\t\t\t\t\t\t\t\t\t<p><em>Nous pouvons \u00eatre amen\u00e9s \u00e0 utiliser vos donn\u00e9es pour pouvoir vous recontacter.<br \/>Pour conna\u00eetre et exercer vos droits, notamment de retrait de votre consentement \u00e0 l\u2019utilisation des donn\u00e9es collect\u00e9es par ce formulaire, veuillez consulter notre <a href=\"https:\/\/www.le-montagnard.com\/mentions-legales\/\">politique de confidentialit\u00e9<\/a>.<\/em><\/p>\t\t\t\t\t\t\t\t<\/div>\n\t\t\t\t<\/div>\n\t\t\t\t<\/div>\n\t\t\t\t<\/div>\n\t\t","protected":false},"excerpt":{"rendered":"<p>Contactez le restaurant Le Montagnard N&rsquo;h\u00e9sitez pas \u00e0 contacter l&rsquo;\u00e9quipe du Montagnard. Nous sommes \u00e0 votre disposition pour r\u00e9pondre \u00e0 vos demandes particuli\u00e8res ou demandes de groupes :\u2022 Compl\u00e9tez le formulaire ci-dessous\u2022 Ou appelez-nous au +33 (0)4 79 01 08 40 Nous serons ouverts \u00e0 partir du 5 d\u00e9cembre 2025 au 19 avril 2026 pour [&hellip;]<\/p>\n","protected":false},"author":1,"featured_media":0,"parent":0,"menu_order":0,"comment_status":"closed","ping_status":"closed","template":"elementor_header_footer","meta":{"footnotes":""},"class_list":["post-924","page","type-page","status-publish","hentry"],"yoast_head":"<!-- This site is optimized with the Yoast SEO plugin v27.2 - https:\/\/yoast.com\/product\/yoast-seo-wordpress\/ -->\n<title>Contact - restaurant Le Montagnard - St Martin de Belleville<\/title>\n<meta name=\"description\" content=\"Contactez l&#039;\u00e9quipe du Restaurant le Montagnard \u00e0 Saint Martin de Belleville, sur les 3 Vall\u00e9es, Savoie, Alpes fran\u00e7aises\" \/>\n<meta name=\"robots\" content=\"index, follow, max-snippet:-1, max-image-preview:large, max-video-preview:-1\" \/>\n<link rel=\"canonical\" href=\"https:\/\/www.le-montagnard.com\/en\/contact\/\" \/>\n<meta property=\"og:locale\" content=\"en_GB\" \/>\n<meta property=\"og:type\" content=\"article\" \/>\n<meta property=\"og:title\" content=\"Contact - restaurant Le Montagnard - St Martin de Belleville\" \/>\n<meta property=\"og:description\" content=\"Contactez l&#039;\u00e9quipe du Restaurant le Montagnard \u00e0 Saint Martin de Belleville, sur les 3 Vall\u00e9es, Savoie, Alpes fran\u00e7aises\" \/>\n<meta property=\"og:url\" content=\"https:\/\/www.le-montagnard.com\/en\/contact\/\" \/>\n<meta property=\"og:site_name\" content=\"Le Montagnard\" \/>\n<meta property=\"article:modified_time\" content=\"2026-03-10T14:58:30+00:00\" \/>\n<meta name=\"twitter:card\" content=\"summary_large_image\" \/>\n<meta name=\"twitter:label1\" content=\"Estimated reading time\" \/>\n\t<meta name=\"twitter:data1\" content=\"1 minute\" \/>\n<script type=\"application\/ld+json\" class=\"yoast-schema-graph\">{\"@context\":\"https:\/\/schema.org\",\"@graph\":[{\"@type\":\"WebPage\",\"@id\":\"https:\/\/www.le-montagnard.com\/contact\/\",\"url\":\"https:\/\/www.le-montagnard.com\/contact\/\",\"name\":\"Contact - restaurant Le Montagnard - St Martin de Belleville\",\"isPartOf\":{\"@id\":\"https:\/\/www.le-montagnard.com\/#website\"},\"primaryImageOfPage\":{\"@id\":\"https:\/\/www.le-montagnard.com\/contact\/#primaryimage\"},\"image\":{\"@id\":\"https:\/\/www.le-montagnard.com\/contact\/#primaryimage\"},\"thumbnailUrl\":\"https:\/\/www.le-montagnard.com\/wp-content\/uploads\/2020\/11\/Fichier-1.svg\",\"datePublished\":\"2020-12-15T11:29:21+00:00\",\"dateModified\":\"2026-03-10T14:58:30+00:00\",\"description\":\"Contactez l'\u00e9quipe du Restaurant le Montagnard \u00e0 Saint Martin de Belleville, sur les 3 Vall\u00e9es, Savoie, Alpes fran\u00e7aises\",\"breadcrumb\":{\"@id\":\"https:\/\/www.le-montagnard.com\/contact\/#breadcrumb\"},\"inLanguage\":\"en-GB\",\"potentialAction\":[{\"@type\":\"ReadAction\",\"target\":[\"https:\/\/www.le-montagnard.com\/contact\/\"]}]},{\"@type\":\"ImageObject\",\"inLanguage\":\"en-GB\",\"@id\":\"https:\/\/www.le-montagnard.com\/contact\/#primaryimage\",\"url\":\"https:\/\/www.le-montagnard.com\/wp-content\/uploads\/2020\/11\/Fichier-1.svg\",\"contentUrl\":\"https:\/\/www.le-montagnard.com\/wp-content\/uploads\/2020\/11\/Fichier-1.svg\"},{\"@type\":\"BreadcrumbList\",\"@id\":\"https:\/\/www.le-montagnard.com\/contact\/#breadcrumb\",\"itemListElement\":[{\"@type\":\"ListItem\",\"position\":1,\"name\":\"Accueil\",\"item\":\"https:\/\/www.le-montagnard.com\/\"},{\"@type\":\"ListItem\",\"position\":2,\"name\":\"Contact\"}]},{\"@type\":\"WebSite\",\"@id\":\"https:\/\/www.le-montagnard.com\/#website\",\"url\":\"https:\/\/www.le-montagnard.com\/\",\"name\":\"Le Montagnard\",\"description\":\"Restaurant - Saint Martin de Belleville\",\"potentialAction\":[{\"@type\":\"SearchAction\",\"target\":{\"@type\":\"EntryPoint\",\"urlTemplate\":\"https:\/\/www.le-montagnard.com\/?s={search_term_string}\"},\"query-input\":{\"@type\":\"PropertyValueSpecification\",\"valueRequired\":true,\"valueName\":\"search_term_string\"}}],\"inLanguage\":\"en-GB\"}]}<\/script>\n<!-- \/ Yoast SEO plugin. -->","yoast_head_json":{"title":"Contact - Le Montagnard restaurant - St Martin de Belleville","description":"Contactez l'\u00e9quipe du Restaurant le Montagnard \u00e0 Saint Martin de Belleville, sur les 3 Vall\u00e9es, Savoie, Alpes fran\u00e7aises","robots":{"index":"index","follow":"follow","max-snippet":"max-snippet:-1","max-image-preview":"max-image-preview:large","max-video-preview":"max-video-preview:-1"},"canonical":"https:\/\/www.le-montagnard.com\/en\/contact\/","og_locale":"en_GB","og_type":"article","og_title":"Contact - restaurant Le Montagnard - St Martin de Belleville","og_description":"Contactez l'\u00e9quipe du Restaurant le Montagnard \u00e0 Saint Martin de Belleville, sur les 3 Vall\u00e9es, Savoie, Alpes fran\u00e7aises","og_url":"https:\/\/www.le-montagnard.com\/en\/contact\/","og_site_name":"Le Montagnard","article_modified_time":"2026-03-10T14:58:30+00:00","twitter_card":"summary_large_image","twitter_misc":{"Estimated reading time":"1 minute"},"schema":{"@context":"https:\/\/schema.org","@graph":[{"@type":"WebPage","@id":"https:\/\/www.le-montagnard.com\/contact\/","url":"https:\/\/www.le-montagnard.com\/contact\/","name":"Contact - Le Montagnard restaurant - St Martin de Belleville","isPartOf":{"@id":"https:\/\/www.le-montagnard.com\/#website"},"primaryImageOfPage":{"@id":"https:\/\/www.le-montagnard.com\/contact\/#primaryimage"},"image":{"@id":"https:\/\/www.le-montagnard.com\/contact\/#primaryimage"},"thumbnailUrl":"https:\/\/www.le-montagnard.com\/wp-content\/uploads\/2020\/11\/Fichier-1.svg","datePublished":"2020-12-15T11:29:21+00:00","dateModified":"2026-03-10T14:58:30+00:00","description":"Contactez l'\u00e9quipe du Restaurant le Montagnard \u00e0 Saint Martin de Belleville, sur les 3 Vall\u00e9es, Savoie, Alpes fran\u00e7aises","breadcrumb":{"@id":"https:\/\/www.le-montagnard.com\/contact\/#breadcrumb"},"inLanguage":"en-GB","potentialAction":[{"@type":"ReadAction","target":["https:\/\/www.le-montagnard.com\/contact\/"]}]},{"@type":"ImageObject","inLanguage":"en-GB","@id":"https:\/\/www.le-montagnard.com\/contact\/#primaryimage","url":"https:\/\/www.le-montagnard.com\/wp-content\/uploads\/2020\/11\/Fichier-1.svg","contentUrl":"https:\/\/www.le-montagnard.com\/wp-content\/uploads\/2020\/11\/Fichier-1.svg"},{"@type":"BreadcrumbList","@id":"https:\/\/www.le-montagnard.com\/contact\/#breadcrumb","itemListElement":[{"@type":"ListItem","position":1,"name":"Accueil","item":"https:\/\/www.le-montagnard.com\/"},{"@type":"ListItem","position":2,"name":"Contact"}]},{"@type":"WebSite","@id":"https:\/\/www.le-montagnard.com\/#website","url":"https:\/\/www.le-montagnard.com\/","name":"Le Montagnard restaurant","description":"Restaurant - Saint Martin de Belleville","potentialAction":[{"@type":"SearchAction","target":{"@type":"EntryPoint","urlTemplate":"https:\/\/www.le-montagnard.com\/?s={search_term_string}"},"query-input":{"@type":"PropertyValueSpecification","valueRequired":true,"valueName":"search_term_string"}}],"inLanguage":"en-GB"}]}},"_links":{"self":[{"href":"https:\/\/www.le-montagnard.com\/en\/wp-json\/wp\/v2\/pages\/924","targetHints":{"allow":["GET"]}}],"collection":[{"href":"https:\/\/www.le-montagnard.com\/en\/wp-json\/wp\/v2\/pages"}],"about":[{"href":"https:\/\/www.le-montagnard.com\/en\/wp-json\/wp\/v2\/types\/page"}],"author":[{"embeddable":true,"href":"https:\/\/www.le-montagnard.com\/en\/wp-json\/wp\/v2\/users\/1"}],"replies":[{"embeddable":true,"href":"https:\/\/www.le-montagnard.com\/en\/wp-json\/wp\/v2\/comments?post=924"}],"version-history":[{"count":29,"href":"https:\/\/www.le-montagnard.com\/en\/wp-json\/wp\/v2\/pages\/924\/revisions"}],"predecessor-version":[{"id":27689,"href":"https:\/\/www.le-montagnard.com\/en\/wp-json\/wp\/v2\/pages\/924\/revisions\/27689"}],"wp:attachment":[{"href":"https:\/\/www.le-montagnard.com\/en\/wp-json\/wp\/v2\/media?parent=924"}],"curies":[{"name":"wp","href":"https:\/\/api.w.org\/{rel}","templated":true}]}}